{"id":103,"date":"2026-04-25T12:43:43","date_gmt":"2026-04-25T12:43:43","guid":{"rendered":"https:\/\/domainelarochette85.fr\/?page_id=103"},"modified":"2026-04-26T17:53:40","modified_gmt":"2026-04-26T17:53:40","slug":"decouvrir-le-domaine","status":"publish","type":"page","link":"https:\/\/domainelarochette85.fr\/?page_id=103","title":{"rendered":"D\u00e9couvrir le domaine"},"content":{"rendered":"\n<div class=\"wp-block-group alignfull has-accent-4-background-color has-background has-global-padding is-layout-constrained wp-container-core-group-is-layout-669513ed wp-block-group-is-layout-constrained\" style=\"margin-top:0;margin-bottom:0;padding-top:var(--wp--preset--spacing--50);padding-right:var(--wp--preset--spacing--50);padding-bottom:var(--wp--preset--spacing--50);padding-left:var(--wp--preset--spacing--50)\">\n<div class=\"wp-block-columns alignwide is-layout-flex wp-container-core-columns-is-layout-28f84493 wp-block-columns-is-layout-flex\">\n<div class=\"wp-block-column is-layout-flow wp-block-column-is-layout-flow\" style=\"flex-basis:40%\">\n<p class=\"wp-container-content-0733e5d0\"><strong>Horaires<\/strong><\/p>\n\n\n\n<p>Lun &#8211; horaires \u00e0 venir tr\u00e8s prochainement <br>Mar &#8211; horaires \u00e0 venir tr\u00e8s prochainement <br>Mer &#8211; horaires \u00e0 venir tr\u00e8s prochainement <br>Jeu &#8211; horaires \u00e0 venir tr\u00e8s prochainement <br>Ven &#8211; horaires \u00e0 venir tr\u00e8s prochainement <br>Sam &#8211; horaires \u00e0 venir tr\u00e8s prochainement <br>Dim &#8211; Ferm\u00e9<\/p>\n\n\n\n<p><\/p>\n\n\n\n<p>contact: contact@domainelarochette85.fr<\/p>\n\n\n\n<p><\/p>\n<\/div>\n\n\n\n<div class=\"wp-block-column is-layout-flow wp-block-column-is-layout-flow\" style=\"flex-basis:60%\">\n<p class=\"has-heading-font-family has-x-large-font-size\" style=\"line-height:1.2\">Venez rencontrer l&rsquo;\u00e9quipe sur notre site <\/p>\n\n\n\n<iframe src=\"https:\/\/www.google.com\/maps\/embed?pb=!1m16!1m12!1m3!1d3410.0900039597727!2d-1.5880119138688271!3d46.63690534342918!2m3!1f0!2f0!3f0!3m2!1i1024!2i768!4f13.1!2m1!1sdomaine%20la%20rochette%2085!5e1!3m2!1sfr!2sfr!4v1777121011075!5m2!1sfr!2sfr\" width=\"100%\" height=\"450\" style=\"border:0;\" allowfullscreen=\"\" loading=\"lazy\" referrerpolicy=\"no-referrer-when-downgrade\"><\/iframe>\n<\/div>\n<\/div>\n<\/div>\n\n\n\n<div class=\"wp-block-group alignfull has-global-padding is-layout-constrained wp-container-core-group-is-layout-d89aad35 wp-block-group-is-layout-constrained\" style=\"margin-top:0;margin-bottom:0;padding-top:var(--wp--preset--spacing--50);padding-right:var(--wp--preset--spacing--50);padding-bottom:var(--wp--preset--spacing--50);padding-left:var(--wp--preset--spacing--50)\">\n<div class=\"wp-block-columns alignwide are-vertically-aligned-center is-layout-flex wp-container-core-columns-is-layout-47c06fe3 wp-block-columns-is-layout-flex\">\n<div class=\"wp-block-column is-vertically-aligned-center is-layout-flow wp-block-column-is-layout-flow\" style=\"flex-basis:50%\">\n<h2 class=\"wp-block-heading\">Vente directe et march\u00e9s locaux<\/h2>\n\n\n\n<p>Pour garantir la fra\u00eecheur et la qualit\u00e9, nos pommes et poires sont disponibles :<\/p>\n\n\n\n<p><br><strong>\u00c0 la ferme :<\/strong> Nous sommes en train de planter et semer les bons l\u00e9gumes de saison &#8211; pour les fraises horaires d&rsquo;ouverture \u00e0 venir tr\u00e8s prochainement <br><strong>March\u00e9s locaux :<\/strong><br>Jeudi de foire ou vendredi de march\u00e9 \u00e0 <strong>La Mothe-Achard <\/strong>de novembre \u00e0 avril<br>Samedi matin \u00e0 <strong>Commequiers<\/strong> de novembre \u00e0 avril<br>Lundi matin \u00e0 <strong>Jard-sur-Me<\/strong>r de novembre \u00e0 avril<br>Venez rencontrer le producteur et profiter de fruits et l\u00e9gumes fra\u00eechement r\u00e9colt\u00e9s, ainsi que de nos produits transform\u00e9s naturels.<\/p>\n<\/div>\n\n\n\n<div class=\"wp-block-column is-vertically-aligned-center is-layout-flow wp-block-column-is-layout-flow\" style=\"flex-basis:50%\">\n<figure class=\"wp-block-image size-full is-style-rounded is-style-rounded--1\"><img loading=\"lazy\" decoding=\"async\" width=\"2560\" height=\"1707\" src=\"https:\/\/domainelarochette85.fr\/wp-content\/uploads\/2026\/04\/the-grand-cheese-master-TJDBqlvTdGI-unsplash-scaled.jpg\" alt=\"\" class=\"wp-image-137\" style=\"aspect-ratio:4\/3;object-fit:cover\" srcset=\"https:\/\/domainelarochette85.fr\/wp-content\/uploads\/2026\/04\/the-grand-cheese-master-TJDBqlvTdGI-unsplash-scaled.jpg 2560w, https:\/\/domainelarochette85.fr\/wp-content\/uploads\/2026\/04\/the-grand-cheese-master-TJDBqlvTdGI-unsplash-300x200.jpg 300w, https:\/\/domainelarochette85.fr\/wp-content\/uploads\/2026\/04\/the-grand-cheese-master-TJDBqlvTdGI-unsplash-1024x683.jpg 1024w, https:\/\/domainelarochette85.fr\/wp-content\/uploads\/2026\/04\/the-grand-cheese-master-TJDBqlvTdGI-unsplash-768x512.jpg 768w, https:\/\/domainelarochette85.fr\/wp-content\/uploads\/2026\/04\/the-grand-cheese-master-TJDBqlvTdGI-unsplash-1536x1024.jpg 1536w, https:\/\/domainelarochette85.fr\/wp-content\/uploads\/2026\/04\/the-grand-cheese-master-TJDBqlvTdGI-unsplash-2048x1365.jpg 2048w\" sizes=\"auto, (max-width: 2560px) 100vw, 2560px\" \/><\/figure>\n<\/div>\n<\/div>\n<\/div>\n\n\n\n<p><\/p>\n","protected":false},"excerpt":{"rendered":"<p>Horaires Lun &#8211; horaires \u00e0 venir tr\u00e8s prochainement Mar &#8211; horaires \u00e0 venir tr\u00e8s prochainement Mer &#8211; horaires \u00e0 venir tr\u00e8s prochainement Jeu &#8211; horaires \u00e0 venir tr\u00e8s prochainement Ven &#8211; horaires \u00e0 venir tr\u00e8s prochainement Sam &#8211; horaires \u00e0 venir tr\u00e8s prochainement Dim &#8211; Ferm\u00e9 contact: contact@domainelarochette85.fr Venez rencontrer l&rsquo;\u00e9quipe sur notre site Vente [&hellip;]<\/p>\n","protected":false},"author":1,"featured_media":0,"parent":0,"menu_order":0,"comment_status":"closed","ping_status":"closed","template":"","meta":{"footnotes":""},"class_list":["post-103","page","type-page","status-publish","hentry"],"_links":{"self":[{"href":"https:\/\/domainelarochette85.fr\/index.php?rest_route=\/wp\/v2\/pages\/103","targetHints":{"allow":["GET"]}}],"collection":[{"href":"https:\/\/domainelarochette85.fr\/index.php?rest_route=\/wp\/v2\/pages"}],"about":[{"href":"https:\/\/domainelarochette85.fr\/index.php?rest_route=\/wp\/v2\/types\/page"}],"author":[{"embeddable":true,"href":"https:\/\/domainelarochette85.fr\/index.php?rest_route=\/wp\/v2\/users\/1"}],"replies":[{"embeddable":true,"href":"https:\/\/domainelarochette85.fr\/index.php?rest_route=%2Fwp%2Fv2%2Fcomments&post=103"}],"version-history":[{"count":9,"href":"https:\/\/domainelarochette85.fr\/index.php?rest_route=\/wp\/v2\/pages\/103\/revisions"}],"predecessor-version":[{"id":152,"href":"https:\/\/domainelarochette85.fr\/index.php?rest_route=\/wp\/v2\/pages\/103\/revisions\/152"}],"wp:attachment":[{"href":"https:\/\/domainelarochette85.fr\/index.php?rest_route=%2Fwp%2Fv2%2Fmedia&parent=103"}],"curies":[{"name":"wp","href":"https:\/\/api.w.org\/{rel}","templated":true}]}}