{"id":48,"date":"2026-04-10T13:46:36","date_gmt":"2026-04-10T13:46:36","guid":{"rendered":"https:\/\/domainelarochette85.fr\/?page_id=48"},"modified":"2026-04-26T17:49:58","modified_gmt":"2026-04-26T17:49:58","slug":"la-vitrine-du-verger","status":"publish","type":"page","link":"https:\/\/domainelarochette85.fr\/","title":{"rendered":"Domaine La Rochette"},"content":{"rendered":"\n<div class=\"wp-block-cover alignfull has-parallax\" style=\"padding-top:var(--wp--preset--spacing--50);padding-right:var(--wp--preset--spacing--50);padding-bottom:var(--wp--preset--spacing--50);padding-left:var(--wp--preset--spacing--50);min-height:457px;aspect-ratio:unset;\"><div class=\"wp-block-cover__image-background wp-image-122 size-large has-parallax\" style=\"background-position:50% 50%;background-image:url(http:\/\/domainelarochette85.fr\/wp-content\/uploads\/2026\/04\/WhatsApp-Image-2025-12-02-at-18.59.16-1024x683.jpeg)\"><\/div><span aria-hidden=\"true\" class=\"wp-block-cover__background has-base-background-color has-background-dim-0 has-background-dim\"><\/span><div class=\"wp-block-cover__inner-container has-global-padding is-layout-constrained wp-container-core-cover-is-layout-e4fd886c wp-block-cover-is-layout-constrained\">\n<p class=\"has-text-align-center has-base-2-color has-text-color has-background has-link-color has-large-font-size wp-elements-d4743bf6220ecf87f61bd77456e39fed\" style=\"border-top-left-radius:13px;border-top-right-radius:13px;border-bottom-left-radius:13px;border-bottom-right-radius:13px;background-color:#12121273\">Fruits, l\u00e9gumes et saveurs de saison cultiv\u00e9s avec passion en Vend\u00e9e.<\/p>\n<\/div><\/div>\n\n\n\n<div class=\"wp-block-group alignfull has-global-padding is-layout-constrained wp-container-core-group-is-layout-669513ed wp-block-group-is-layout-constrained\" style=\"margin-top:0;margin-bottom:0;padding-top:var(--wp--preset--spacing--50);padding-right:var(--wp--preset--spacing--50);padding-bottom:var(--wp--preset--spacing--50);padding-left:var(--wp--preset--spacing--50)\">\n<div class=\"wp-block-group is-vertical is-content-justification-center is-layout-flex wp-container-core-group-is-layout-ce155fab wp-block-group-is-layout-flex\">\n<h2 class=\"wp-block-heading has-text-align-center has-xx-large-font-size\">Authenticit\u00e9 et simplicit\u00e9<\/h2>\n\n\n\n<p class=\"has-text-align-center wp-container-content-9cfa9a5a\">Poussez les portes de notre domaine et laissez-vous transporter par l&rsquo;authenticit\u00e9 de notre verger. Bien plus qu&rsquo;une simple cueillette, nous vous invitons \u00e0 une v\u00e9ritable parenth\u00e8se bucolique. Venez renouer avec la terre, fl\u00e2ner entre les arbres et red\u00e9couvrir le vrai go\u00fbt des fruits cueillis \u00e0 maturit\u00e9 dans une ambiance conviviale en toute simplicit\u00e9.<\/p>\n<\/div>\n\n\n\n<div style=\"height:var(--wp--preset--spacing--30)\" aria-hidden=\"true\" class=\"wp-block-spacer\"><\/div>\n\n\n\n<div class=\"wp-block-columns alignwide is-layout-flex wp-container-core-columns-is-layout-4935966c wp-block-columns-is-layout-flex\" style=\"padding-right:0;padding-left:0\">\n<div class=\"wp-block-column is-layout-flow wp-block-column-is-layout-flow\">\n<figure class=\"wp-block-image size-full is-style-rounded is-style-rounded--1\"><a href=\"https:\/\/domainelarochette85.fr\/?page_id=50\"><img loading=\"lazy\" decoding=\"async\" width=\"1560\" height=\"1036\" src=\"https:\/\/domainelarochette85.fr\/wp-content\/uploads\/2026\/04\/WhatsApp-Image-2025-12-02-at-18.59.174.jpeg\" alt=\"\" class=\"wp-image-115\" style=\"aspect-ratio:1;object-fit:cover\" srcset=\"https:\/\/domainelarochette85.fr\/wp-content\/uploads\/2026\/04\/WhatsApp-Image-2025-12-02-at-18.59.174.jpeg 1560w, https:\/\/domainelarochette85.fr\/wp-content\/uploads\/2026\/04\/WhatsApp-Image-2025-12-02-at-18.59.174-300x199.jpeg 300w, https:\/\/domainelarochette85.fr\/wp-content\/uploads\/2026\/04\/WhatsApp-Image-2025-12-02-at-18.59.174-1024x680.jpeg 1024w, https:\/\/domainelarochette85.fr\/wp-content\/uploads\/2026\/04\/WhatsApp-Image-2025-12-02-at-18.59.174-768x510.jpeg 768w, https:\/\/domainelarochette85.fr\/wp-content\/uploads\/2026\/04\/WhatsApp-Image-2025-12-02-at-18.59.174-1536x1020.jpeg 1536w\" sizes=\"auto, (max-width: 1560px) 100vw, 1560px\" \/><\/a><\/figure>\n\n\n\n<div class=\"wp-block-group is-vertical is-content-justification-center is-nowrap is-layout-flex wp-container-core-group-is-layout-21d4e958 wp-block-group-is-layout-flex\">\n<p class=\"has-text-align-center has-small-font-size\"><strong>D\u00e9couvrir nos produits<\/strong><\/p>\n\n\n\n<p class=\"has-text-align-center has-small-font-size\">Pommes, poires, l\u00e9gumes&#8230;<\/p>\n<\/div>\n<\/div>\n\n\n\n<div class=\"wp-block-column is-layout-flow wp-block-column-is-layout-flow\">\n<figure class=\"wp-block-image size-full is-style-rounded is-style-rounded--2\"><a href=\"https:\/\/domainelarochette85.fr\/?page_id=72\"><img loading=\"lazy\" decoding=\"async\" width=\"1572\" height=\"1038\" src=\"http:\/\/domainelarochette85.fr\/wp-content\/uploads\/2026\/04\/WhatsApp-Image-2025-12-02-at-18.59.176-1.jpeg\" alt=\"\" class=\"wp-image-116\" style=\"aspect-ratio:1;object-fit:cover\" srcset=\"https:\/\/domainelarochette85.fr\/wp-content\/uploads\/2026\/04\/WhatsApp-Image-2025-12-02-at-18.59.176-1.jpeg 1572w, https:\/\/domainelarochette85.fr\/wp-content\/uploads\/2026\/04\/WhatsApp-Image-2025-12-02-at-18.59.176-1-300x198.jpeg 300w, https:\/\/domainelarochette85.fr\/wp-content\/uploads\/2026\/04\/WhatsApp-Image-2025-12-02-at-18.59.176-1-1024x676.jpeg 1024w, https:\/\/domainelarochette85.fr\/wp-content\/uploads\/2026\/04\/WhatsApp-Image-2025-12-02-at-18.59.176-1-768x507.jpeg 768w, https:\/\/domainelarochette85.fr\/wp-content\/uploads\/2026\/04\/WhatsApp-Image-2025-12-02-at-18.59.176-1-1536x1014.jpeg 1536w\" sizes=\"auto, (max-width: 1572px) 100vw, 1572px\" \/><\/a><\/figure>\n\n\n\n<div class=\"wp-block-group is-vertical is-content-justification-center is-nowrap is-layout-flex wp-container-core-group-is-layout-21d4e958 wp-block-group-is-layout-flex\">\n<p class=\"has-text-align-center has-small-font-size\"><strong>Notre histoire<\/strong><\/p>\n\n\n\n<p class=\"has-text-align-center has-small-font-size\">Il \u00e9tait une fois&#8230;<\/p>\n<\/div>\n<\/div>\n\n\n\n<div class=\"wp-block-column is-layout-flow wp-block-column-is-layout-flow\">\n<figure class=\"wp-block-image size-full is-style-rounded is-style-rounded--3\"><a href=\"https:\/\/domainelarochette85.fr\/?page_id=103\"><img loading=\"lazy\" decoding=\"async\" width=\"2560\" height=\"1707\" src=\"https:\/\/domainelarochette85.fr\/wp-content\/uploads\/2026\/04\/pascal-debrunner-U7LT_KjnBtY-unsplash-1-scaled.jpg\" alt=\"\" class=\"wp-image-118\" style=\"aspect-ratio:1;object-fit:cover\" srcset=\"https:\/\/domainelarochette85.fr\/wp-content\/uploads\/2026\/04\/pascal-debrunner-U7LT_KjnBtY-unsplash-1-scaled.jpg 2560w, https:\/\/domainelarochette85.fr\/wp-content\/uploads\/2026\/04\/pascal-debrunner-U7LT_KjnBtY-unsplash-1-300x200.jpg 300w, https:\/\/domainelarochette85.fr\/wp-content\/uploads\/2026\/04\/pascal-debrunner-U7LT_KjnBtY-unsplash-1-1024x683.jpg 1024w, https:\/\/domainelarochette85.fr\/wp-content\/uploads\/2026\/04\/pascal-debrunner-U7LT_KjnBtY-unsplash-1-768x512.jpg 768w, https:\/\/domainelarochette85.fr\/wp-content\/uploads\/2026\/04\/pascal-debrunner-U7LT_KjnBtY-unsplash-1-1536x1024.jpg 1536w, https:\/\/domainelarochette85.fr\/wp-content\/uploads\/2026\/04\/pascal-debrunner-U7LT_KjnBtY-unsplash-1-2048x1365.jpg 2048w\" sizes=\"auto, (max-width: 2560px) 100vw, 2560px\" \/><\/a><\/figure>\n\n\n\n<div class=\"wp-block-group is-vertical is-content-justification-center is-nowrap is-layout-flex wp-container-core-group-is-layout-21d4e958 wp-block-group-is-layout-flex\">\n<p class=\"has-text-align-center has-small-font-size\"><strong>Venir au domaine<\/strong><\/p>\n\n\n\n<p class=\"has-text-align-center has-small-font-size\">Horaires et acc\u00e8s<\/p>\n<\/div>\n<\/div>\n<\/div>\n<\/div>\n\n\n\n<p><\/p>\n","protected":false},"excerpt":{"rendered":"<p>Authenticit\u00e9 et simplicit\u00e9 Poussez les portes de notre domaine et laissez-vous transporter par l&rsquo;authenticit\u00e9 de notre verger. Bien plus qu&rsquo;une simple cueillette, nous vous invitons \u00e0 une v\u00e9ritable parenth\u00e8se bucolique. Venez renouer avec la terre, fl\u00e2ner entre les arbres et red\u00e9couvrir le vrai go\u00fbt des fruits cueillis \u00e0 maturit\u00e9 dans une ambiance conviviale en toute [&hellip;]<\/p>\n","protected":false},"author":1,"featured_media":0,"parent":0,"menu_order":0,"comment_status":"closed","ping_status":"closed","template":"","meta":{"footnotes":""},"class_list":["post-48","page","type-page","status-publish","hentry"],"_links":{"self":[{"href":"https:\/\/domainelarochette85.fr\/index.php?rest_route=\/wp\/v2\/pages\/48","targetHints":{"allow":["GET"]}}],"collection":[{"href":"https:\/\/domainelarochette85.fr\/index.php?rest_route=\/wp\/v2\/pages"}],"about":[{"href":"https:\/\/domainelarochette85.fr\/index.php?rest_route=\/wp\/v2\/types\/page"}],"author":[{"embeddable":true,"href":"https:\/\/domainelarochette85.fr\/index.php?rest_route=\/wp\/v2\/users\/1"}],"replies":[{"embeddable":true,"href":"https:\/\/domainelarochette85.fr\/index.php?rest_route=%2Fwp%2Fv2%2Fcomments&post=48"}],"version-history":[{"count":25,"href":"https:\/\/domainelarochette85.fr\/index.php?rest_route=\/wp\/v2\/pages\/48\/revisions"}],"predecessor-version":[{"id":150,"href":"https:\/\/domainelarochette85.fr\/index.php?rest_route=\/wp\/v2\/pages\/48\/revisions\/150"}],"wp:attachment":[{"href":"https:\/\/domainelarochette85.fr\/index.php?rest_route=%2Fwp%2Fv2%2Fmedia&parent=48"}],"curies":[{"name":"wp","href":"https:\/\/api.w.org\/{rel}","templated":true}]}}