{"id":50,"date":"2026-04-10T13:46:19","date_gmt":"2026-04-10T13:46:19","guid":{"rendered":"https:\/\/domainelarochette85.fr\/?page_id=50"},"modified":"2026-04-25T12:30:10","modified_gmt":"2026-04-25T12:30:10","slug":"les-pommes","status":"publish","type":"page","link":"https:\/\/domainelarochette85.fr\/?page_id=50","title":{"rendered":"Une alimentation saine"},"content":{"rendered":"\n<div class=\"wp-block-group alignfull has-accent-4-background-color has-background has-global-padding is-layout-constrained wp-container-core-group-is-layout-669513ed wp-block-group-is-layout-constrained\" style=\"margin-top:0;margin-bottom:0;padding-top:var(--wp--preset--spacing--50);padding-right:var(--wp--preset--spacing--50);padding-bottom:var(--wp--preset--spacing--50);padding-left:var(--wp--preset--spacing--50)\">\n<div class=\"wp-block-columns alignwide is-layout-flex wp-container-core-columns-is-layout-1da03c2a wp-block-columns-is-layout-flex\">\n<div class=\"wp-block-column is-vertically-aligned-stretch is-layout-flow wp-block-column-is-layout-flow\" style=\"flex-basis:50%\">\n<h2 class=\"wp-block-heading\"><strong>Les pommes<\/strong><\/h2>\n\n\n\n<div class=\"wp-block-group is-vertical is-content-justification-stretch is-layout-flex wp-container-core-group-is-layout-444d5ee8 wp-block-group-is-layout-flex\" style=\"min-height:100%\">\n<p class=\"has-heading-font-family has-x-large-font-size\" style=\"line-height:1.2\">Reine de Reinettes, Royal Gala, Elstar, Rubinette, Belchard Chantecler, Jonagold, Reinette grise du Canada, Idared, Melrose, Golden, Ros\u00e9e du Pilat, Granny Smith, Reinette Clochard, Choupette, Fuji<\/p>\n<\/div>\n<\/div>\n\n\n\n<div class=\"wp-block-column is-vertically-aligned-center is-layout-flow wp-block-column-is-layout-flow\" style=\"flex-basis:50%\">\n<figure class=\"wp-block-image size-large is-style-rounded is-style-rounded--1\"><img loading=\"lazy\" decoding=\"async\" width=\"685\" height=\"1024\" src=\"https:\/\/domainelarochette85.fr\/wp-content\/uploads\/2026\/04\/WhatsApp-Image-2025-12-02-at-18.59.163-685x1024.jpeg\" alt=\"\" class=\"wp-image-84\" style=\"aspect-ratio:3\/4;object-fit:cover\" srcset=\"https:\/\/domainelarochette85.fr\/wp-content\/uploads\/2026\/04\/WhatsApp-Image-2025-12-02-at-18.59.163-685x1024.jpeg 685w, https:\/\/domainelarochette85.fr\/wp-content\/uploads\/2026\/04\/WhatsApp-Image-2025-12-02-at-18.59.163-201x300.jpeg 201w, https:\/\/domainelarochette85.fr\/wp-content\/uploads\/2026\/04\/WhatsApp-Image-2025-12-02-at-18.59.163.jpeg 692w\" sizes=\"auto, (max-width: 685px) 100vw, 685px\" \/><\/figure>\n<\/div>\n<\/div>\n<\/div>\n\n\n\n<div class=\"wp-block-group alignfull has-global-padding is-layout-constrained wp-container-core-group-is-layout-d89aad35 wp-block-group-is-layout-constrained\" style=\"margin-top:0;margin-bottom:0;padding-top:var(--wp--preset--spacing--50);padding-right:var(--wp--preset--spacing--50);padding-bottom:var(--wp--preset--spacing--50);padding-left:var(--wp--preset--spacing--50)\">\n<div class=\"wp-block-columns alignwide are-vertically-aligned-center is-layout-flex wp-container-core-columns-is-layout-47c06fe3 wp-block-columns-is-layout-flex\">\n<div class=\"wp-block-column is-vertically-aligned-center is-layout-flow wp-block-column-is-layout-flow\" style=\"flex-basis:50%\">\n<h2 class=\"wp-block-heading\">Cueillette Libre<\/h2>\n\n\n\n<ul style=\"line-height:1.75\" class=\"wp-block-list is-style-checkmark-list\">\n<li><strong>Le plaisir de choisir :<\/strong> C\u2019est vous l\u2019expert ! S\u00e9lectionnez vous-m\u00eame vos plus belles pommes et poires, directement sur l\u2019arbre.<\/li>\n\n\n\n<li><strong>100% Frais &amp; Sain : <\/strong>Des fruits m\u00fbris au soleil, croquants et pleins de vitamines. Rien de tel pour la sant\u00e9 de toute la famille.<\/li>\n\n\n\n<li><strong>Un moment complice :<\/strong> Apprenez aux enfants d\u2019o\u00f9 viennent les fruits tout en profitant d&rsquo;une balade paisible dans nos rang\u00e9es.<\/li>\n\n\n\n<li><strong>Le meilleur prix :<\/strong> En participant \u00e0 la r\u00e9colte, vous b\u00e9n\u00e9ficiez d&rsquo;un tarif plus avantageux qu&rsquo;en magasin.<\/li>\n<\/ul>\n\n\n\n<div class=\"wp-block-buttons is-layout-flex wp-block-buttons-is-layout-flex\">\n<div class=\"wp-block-button\"><a class=\"wp-block-button__link wp-element-button\">Acc\u00e8s et horaires<\/a><\/div>\n<\/div>\n<\/div>\n\n\n\n<div class=\"wp-block-column is-vertically-aligned-center is-layout-flow wp-block-column-is-layout-flow\" style=\"flex-basis:50%\">\n<figure class=\"wp-block-image size-full is-style-rounded is-style-rounded--2\"><img loading=\"lazy\" decoding=\"async\" width=\"1572\" height=\"1038\" src=\"http:\/\/domainelarochette85.fr\/wp-content\/uploads\/2026\/04\/WhatsApp-Image-2025-12-02-at-18.59.176.jpeg\" alt=\"\" class=\"wp-image-87\" style=\"aspect-ratio:4\/3;object-fit:cover\" srcset=\"https:\/\/domainelarochette85.fr\/wp-content\/uploads\/2026\/04\/WhatsApp-Image-2025-12-02-at-18.59.176.jpeg 1572w, https:\/\/domainelarochette85.fr\/wp-content\/uploads\/2026\/04\/WhatsApp-Image-2025-12-02-at-18.59.176-300x198.jpeg 300w, https:\/\/domainelarochette85.fr\/wp-content\/uploads\/2026\/04\/WhatsApp-Image-2025-12-02-at-18.59.176-1024x676.jpeg 1024w, https:\/\/domainelarochette85.fr\/wp-content\/uploads\/2026\/04\/WhatsApp-Image-2025-12-02-at-18.59.176-768x507.jpeg 768w, https:\/\/domainelarochette85.fr\/wp-content\/uploads\/2026\/04\/WhatsApp-Image-2025-12-02-at-18.59.176-1536x1014.jpeg 1536w\" sizes=\"auto, (max-width: 1572px) 100vw, 1572px\" \/><\/figure>\n<\/div>\n<\/div>\n<\/div>\n\n\n\n<div class=\"wp-block-group alignfull has-accent-3-background-color has-background has-global-padding is-layout-constrained wp-container-core-group-is-layout-669513ed wp-block-group-is-layout-constrained\" style=\"margin-top:0;margin-bottom:0;padding-top:var(--wp--preset--spacing--50);padding-right:var(--wp--preset--spacing--50);padding-bottom:var(--wp--preset--spacing--50);padding-left:var(--wp--preset--spacing--50)\">\n<div class=\"wp-block-columns alignwide is-layout-flex wp-container-core-columns-is-layout-1da03c2a wp-block-columns-is-layout-flex\">\n<div class=\"wp-block-column is-vertically-aligned-center is-layout-flow wp-block-column-is-layout-flow\" style=\"flex-basis:50%\">\n<figure class=\"wp-block-image size-large is-resized is-style-rounded is-style-rounded--3\"><img loading=\"lazy\" decoding=\"async\" width=\"683\" height=\"1024\" src=\"https:\/\/domainelarochette85.fr\/wp-content\/uploads\/2026\/04\/jason-leung-7eAYc74aBW0-unsplash-683x1024.jpg\" alt=\"\" class=\"wp-image-86\" style=\"aspect-ratio:0.75;object-fit:cover;width:441px;height:auto\" srcset=\"https:\/\/domainelarochette85.fr\/wp-content\/uploads\/2026\/04\/jason-leung-7eAYc74aBW0-unsplash-683x1024.jpg 683w, https:\/\/domainelarochette85.fr\/wp-content\/uploads\/2026\/04\/jason-leung-7eAYc74aBW0-unsplash-200x300.jpg 200w, https:\/\/domainelarochette85.fr\/wp-content\/uploads\/2026\/04\/jason-leung-7eAYc74aBW0-unsplash-768x1152.jpg 768w, https:\/\/domainelarochette85.fr\/wp-content\/uploads\/2026\/04\/jason-leung-7eAYc74aBW0-unsplash-1024x1536.jpg 1024w, https:\/\/domainelarochette85.fr\/wp-content\/uploads\/2026\/04\/jason-leung-7eAYc74aBW0-unsplash-1365x2048.jpg 1365w, https:\/\/domainelarochette85.fr\/wp-content\/uploads\/2026\/04\/jason-leung-7eAYc74aBW0-unsplash-scaled.jpg 1707w\" sizes=\"auto, (max-width: 683px) 100vw, 683px\" \/><\/figure>\n<\/div>\n\n\n\n<div class=\"wp-block-column is-vertically-aligned-stretch is-layout-flow wp-block-column-is-layout-flow\" style=\"flex-basis:50%\">\n<h2 class=\"wp-block-heading\"><strong>Les poires<\/strong><\/h2>\n\n\n\n<div class=\"wp-block-group is-vertical is-content-justification-stretch is-layout-flex wp-container-core-group-is-layout-444d5ee8 wp-block-group-is-layout-flex\" style=\"min-height:100%\">\n<p class=\"has-heading-font-family has-x-large-font-size\" style=\"line-height:1.2\">William, Conf\u00e9rence, Comice<\/p>\n<\/div>\n<\/div>\n<\/div>\n<\/div>\n\n\n\n<div class=\"wp-block-group alignfull has-contrast-background-color has-background has-global-padding is-layout-constrained wp-container-core-group-is-layout-669513ed wp-block-group-is-layout-constrained\" style=\"margin-top:0;margin-bottom:0;padding-top:var(--wp--preset--spacing--50);padding-right:var(--wp--preset--spacing--50);padding-bottom:var(--wp--preset--spacing--50);padding-left:var(--wp--preset--spacing--50)\">\n<div class=\"wp-block-columns alignwide is-layout-flex wp-container-core-columns-is-layout-1da03c2a wp-block-columns-is-layout-flex\">\n<div class=\"wp-block-column is-vertically-aligned-stretch is-layout-flow wp-block-column-is-layout-flow\" style=\"flex-basis:50%\">\n<h2 class=\"wp-block-heading has-base-2-color has-text-color has-link-color wp-elements-75f04f11f634fd9ddc2f21ac21f9fc48\"><strong>Fraises<\/strong><\/h2>\n\n\n\n<div class=\"wp-block-group has-base-2-color has-text-color has-link-color wp-elements-a9876e9613b608f33e7e3daad5c91809 is-vertical is-content-justification-stretch is-layout-flex wp-container-core-group-is-layout-444d5ee8 wp-block-group-is-layout-flex\" style=\"min-height:100%\">\n<p class=\"has-heading-font-family has-x-large-font-size\" style=\"line-height:1.2\">Charlotte et Cirafine<\/p>\n<\/div>\n<\/div>\n\n\n\n<div class=\"wp-block-column is-vertically-aligned-center is-layout-flow wp-block-column-is-layout-flow\" style=\"flex-basis:50%\">\n<figure class=\"wp-block-image size-large is-resized is-style-rounded is-style-rounded--4\"><img loading=\"lazy\" decoding=\"async\" width=\"768\" height=\"1024\" src=\"https:\/\/domainelarochette85.fr\/wp-content\/uploads\/2026\/04\/inha-pauliuchenka-j2qY5wJma88-unsplash-768x1024.jpg\" alt=\"\" class=\"wp-image-91\" style=\"aspect-ratio:0.75;object-fit:cover;width:441px;height:auto\" srcset=\"https:\/\/domainelarochette85.fr\/wp-content\/uploads\/2026\/04\/inha-pauliuchenka-j2qY5wJma88-unsplash-768x1024.jpg 768w, https:\/\/domainelarochette85.fr\/wp-content\/uploads\/2026\/04\/inha-pauliuchenka-j2qY5wJma88-unsplash-225x300.jpg 225w, https:\/\/domainelarochette85.fr\/wp-content\/uploads\/2026\/04\/inha-pauliuchenka-j2qY5wJma88-unsplash-1152x1536.jpg 1152w, https:\/\/domainelarochette85.fr\/wp-content\/uploads\/2026\/04\/inha-pauliuchenka-j2qY5wJma88-unsplash-1536x2048.jpg 1536w, https:\/\/domainelarochette85.fr\/wp-content\/uploads\/2026\/04\/inha-pauliuchenka-j2qY5wJma88-unsplash-scaled.jpg 1920w\" sizes=\"auto, (max-width: 768px) 100vw, 768px\" \/><\/figure>\n<\/div>\n<\/div>\n<\/div>\n\n\n\n<div class=\"wp-block-group alignfull has-accent-4-background-color has-background has-global-padding is-layout-constrained wp-container-core-group-is-layout-669513ed wp-block-group-is-layout-constrained\" style=\"margin-top:0;margin-bottom:0;padding-top:var(--wp--preset--spacing--50);padding-right:var(--wp--preset--spacing--50);padding-bottom:var(--wp--preset--spacing--50);padding-left:var(--wp--preset--spacing--50)\">\n<div class=\"wp-block-columns alignwide is-layout-flex wp-container-core-columns-is-layout-1da03c2a wp-block-columns-is-layout-flex\">\n<div class=\"wp-block-column is-vertically-aligned-center is-layout-flow wp-block-column-is-layout-flow\" style=\"flex-basis:50%\">\n<figure class=\"wp-block-image size-large is-resized is-style-rounded is-style-rounded--5\"><img loading=\"lazy\" decoding=\"async\" width=\"576\" height=\"1024\" src=\"https:\/\/domainelarochette85.fr\/wp-content\/uploads\/2026\/04\/andrew-kitchen-bqkqp7dJAMo-unsplash-576x1024.jpg\" alt=\"\" class=\"wp-image-93\" style=\"aspect-ratio:0.75;object-fit:cover;width:441px;height:auto\" srcset=\"https:\/\/domainelarochette85.fr\/wp-content\/uploads\/2026\/04\/andrew-kitchen-bqkqp7dJAMo-unsplash-576x1024.jpg 576w, https:\/\/domainelarochette85.fr\/wp-content\/uploads\/2026\/04\/andrew-kitchen-bqkqp7dJAMo-unsplash-169x300.jpg 169w, https:\/\/domainelarochette85.fr\/wp-content\/uploads\/2026\/04\/andrew-kitchen-bqkqp7dJAMo-unsplash-768x1365.jpg 768w, https:\/\/domainelarochette85.fr\/wp-content\/uploads\/2026\/04\/andrew-kitchen-bqkqp7dJAMo-unsplash-864x1536.jpg 864w, https:\/\/domainelarochette85.fr\/wp-content\/uploads\/2026\/04\/andrew-kitchen-bqkqp7dJAMo-unsplash-1152x2048.jpg 1152w, https:\/\/domainelarochette85.fr\/wp-content\/uploads\/2026\/04\/andrew-kitchen-bqkqp7dJAMo-unsplash-scaled.jpg 1440w\" sizes=\"auto, (max-width: 576px) 100vw, 576px\" \/><\/figure>\n<\/div>\n\n\n\n<div class=\"wp-block-column is-vertically-aligned-stretch is-layout-flow wp-block-column-is-layout-flow\" style=\"flex-basis:50%\">\n<h2 class=\"wp-block-heading has-contrast-color has-text-color has-link-color wp-elements-7b542c3b05bb06c502e57561c23cc8ea\"><strong>L\u00e9gumes de saison<\/strong><\/h2>\n\n\n\n<div class=\"wp-block-group has-base-2-color has-text-color has-link-color wp-elements-e79e311c3f86ccf7496d2e140697913a is-vertical is-content-justification-stretch is-layout-flex wp-container-core-group-is-layout-444d5ee8 wp-block-group-is-layout-flex\" style=\"min-height:100%\">\n<p class=\"has-contrast-color has-text-color has-link-color has-heading-font-family has-x-large-font-size wp-elements-0e3d9eaea9e8432a09addf57335240e0\" style=\"line-height:1.2\">Tomates, courgettes, haricots verts, concombres, salades, melons<br><\/p>\n\n\n\n<p class=\"has-heading-font-family has-x-large-font-size\" style=\"line-height:1.2\"><\/p>\n<\/div>\n<\/div>\n<\/div>\n<\/div>\n\n\n\n<p><\/p>\n","protected":false},"excerpt":{"rendered":"<p>Les pommes Reine de Reinettes, Royal Gala, Elstar, Rubinette, Belchard Chantecler, Jonagold, Reinette grise du Canada, Idared, Melrose, Golden, Ros\u00e9e du Pilat, Granny Smith, Reinette Clochard, Choupette, Fuji Cueillette Libre Les poires William, Conf\u00e9rence, Comice Fraises Charlotte et Cirafine L\u00e9gumes de saison Tomates, courgettes, haricots verts, concombres, salades, melons<\/p>\n","protected":false},"author":1,"featured_media":0,"parent":0,"menu_order":0,"comment_status":"closed","ping_status":"closed","template":"","meta":{"footnotes":""},"class_list":["post-50","page","type-page","status-publish","hentry"],"_links":{"self":[{"href":"https:\/\/domainelarochette85.fr\/index.php?rest_route=\/wp\/v2\/pages\/50","targetHints":{"allow":["GET"]}}],"collection":[{"href":"https:\/\/domainelarochette85.fr\/index.php?rest_route=\/wp\/v2\/pages"}],"about":[{"href":"https:\/\/domainelarochette85.fr\/index.php?rest_route=\/wp\/v2\/types\/page"}],"author":[{"embeddable":true,"href":"https:\/\/domainelarochette85.fr\/index.php?rest_route=\/wp\/v2\/users\/1"}],"replies":[{"embeddable":true,"href":"https:\/\/domainelarochette85.fr\/index.php?rest_route=%2Fwp%2Fv2%2Fcomments&post=50"}],"version-history":[{"count":8,"href":"https:\/\/domainelarochette85.fr\/index.php?rest_route=\/wp\/v2\/pages\/50\/revisions"}],"predecessor-version":[{"id":94,"href":"https:\/\/domainelarochette85.fr\/index.php?rest_route=\/wp\/v2\/pages\/50\/revisions\/94"}],"wp:attachment":[{"href":"https:\/\/domainelarochette85.fr\/index.php?rest_route=%2Fwp%2Fv2%2Fmedia&parent=50"}],"curies":[{"name":"wp","href":"https:\/\/api.w.org\/{rel}","templated":true}]}}